{"id":4,"date":"2016-08-24T21:15:21","date_gmt":"2016-08-24T21:15:21","guid":{"rendered":"http:\/\/subdoman.oregrundspiren.se\/?page_id=4"},"modified":"2016-08-25T12:42:18","modified_gmt":"2016-08-25T12:42:18","slug":"oregrundspiren","status":"publish","type":"page","link":"https:\/\/subdoman.oregrundspiren.se\/om-oregrundspiren\/oregrundspiren\/","title":{"rendered":"Aktuellt"},"content":{"rendered":"<p><span style=\"color: #000080;\"><strong>Ny hemsida<\/strong><\/span><\/p>\n<p>Just nu kan du njuta av v\u00e5r nya hemsida&#8230;Bla bla bla finns flera publicerade referensverk f\u00f6r <span style=\"color: #0066cc;\">svenska skrivregler<\/span>, s\u00e5 som <span style=\"color: #0066cc;\">TT-spr\u00e5ket<\/span> och <span style=\"color: #0066cc;\">Spr\u00e5kr\u00e5dets<\/span> bok <i><span style=\"color: #0066cc;\">Svenska skrivregler<\/span><\/i>, och ordlistor som <span style=\"color: #0066cc;\">Svenska Akademiens ordlista<\/span>. Ofta rekommenderar dessa likartade skrivregler, men rekommenderar ibland skilda skrivs\u00e4tt eller avst\u00e5r fr\u00e5n att entydigt ta st\u00e4llning. Denna sida avser att dokumentera skrivregler d\u00e4r referensverken \u00e4r tvetydiga men <span style=\"color: #0066cc;\">konsensus<\/span> har etablerats p\u00e5 svenska Wikipedia, och \u00e4ven regler som i \u00f6vrigt \u00e4r s\u00e4rskilt relevanta f\u00f6r Wikipedia.<\/p>\n<p>Skrivreglerna b\u00f6r f\u00f6ljas om det inte finns goda sk\u00e4l att g\u00f6ra annorlunda. I de fall d\u00e5 konventioner saknas m\u00e5ste skribenten lita p\u00e5 sitt eget omd\u00f6me och v\u00e4lja det skrivs\u00e4tt som passar b\u00e4st i sammanhanget. Vid tvister g\u00e4ller det som vanligt att <span style=\"color: #0066cc;\">diskutera<\/span> och anf\u00f6ra goda argument.<\/p>\n<p>&nbsp;<\/p>\n","protected":false},"excerpt":{"rendered":"<p>Ny hemsida Just nu kan du njuta av v\u00e5r nya hemsida&#8230;Bla bla bla finns flera publicerade referensverk f\u00f6r svenska skrivregler, s\u00e5 som TT-spr\u00e5ket och Spr\u00e5kr\u00e5dets bok Svenska skrivregler, och ordlistor som Svenska Akademiens ordlista. Ofta rekommenderar dessa likartade skrivregler, men&#8230; <a class=\"more-link\" href=\"https:\/\/subdoman.oregrundspiren.se\/om-oregrundspiren\/oregrundspiren\/\">Forts\u00e4tt l\u00e4sa &rarr;<\/a><\/p>\n","protected":false},"author":1,"featured_media":0,"parent":0,"menu_order":0,"comment_status":"closed","ping_status":"closed","template":"","meta":{"footnotes":""},"class_list":["post-4","page","type-page","status-publish","hentry"],"_links":{"self":[{"href":"https:\/\/subdoman.oregrundspiren.se\/om-oregrundspiren\/wp-json\/wp\/v2\/pages\/4","targetHints":{"allow":["GET"]}}],"collection":[{"href":"https:\/\/subdoman.oregrundspiren.se\/om-oregrundspiren\/wp-json\/wp\/v2\/pages"}],"about":[{"href":"https:\/\/subdoman.oregrundspiren.se\/om-oregrundspiren\/wp-json\/wp\/v2\/types\/page"}],"author":[{"embeddable":true,"href":"https:\/\/subdoman.oregrundspiren.se\/om-oregrundspiren\/wp-json\/wp\/v2\/users\/1"}],"replies":[{"embeddable":true,"href":"https:\/\/subdoman.oregrundspiren.se\/om-oregrundspiren\/wp-json\/wp\/v2\/comments?post=4"}],"version-history":[{"count":6,"href":"https:\/\/subdoman.oregrundspiren.se\/om-oregrundspiren\/wp-json\/wp\/v2\/pages\/4\/revisions"}],"predecessor-version":[{"id":72,"href":"https:\/\/subdoman.oregrundspiren.se\/om-oregrundspiren\/wp-json\/wp\/v2\/pages\/4\/revisions\/72"}],"wp:attachment":[{"href":"https:\/\/subdoman.oregrundspiren.se\/om-oregrundspiren\/wp-json\/wp\/v2\/media?parent=4"}],"curies":[{"name":"wp","href":"https:\/\/api.w.org\/{rel}","templated":true}]}}