{"id":22,"date":"2016-08-24T21:44:07","date_gmt":"2016-08-24T21:44:07","guid":{"rendered":"http:\/\/subdoman.oregrundspiren.se\/?page_id=22"},"modified":"2016-10-16T05:15:31","modified_gmt":"2016-10-16T05:15:31","slug":"kopa-salj-eller-hyra-batplats","status":"publish","type":"page","link":"https:\/\/subdoman.oregrundspiren.se\/om-oregrundspiren\/kopa-salj-eller-hyra-batplats\/","title":{"rendered":"K\u00f6p, s\u00e4lj, hyr b\u00e5tplats"},"content":{"rendered":"","protected":false},"excerpt":{"rendered":"","protected":false},"author":1,"featured_media":0,"parent":0,"menu_order":0,"comment_status":"closed","ping_status":"closed","template":"","meta":{"footnotes":""},"class_list":["post-22","page","type-page","status-publish","hentry"],"_links":{"self":[{"href":"https:\/\/subdoman.oregrundspiren.se\/om-oregrundspiren\/wp-json\/wp\/v2\/pages\/22","targetHints":{"allow":["GET"]}}],"collection":[{"href":"https:\/\/subdoman.oregrundspiren.se\/om-oregrundspiren\/wp-json\/wp\/v2\/pages"}],"about":[{"href":"https:\/\/subdoman.oregrundspiren.se\/om-oregrundspiren\/wp-json\/wp\/v2\/types\/page"}],"author":[{"embeddable":true,"href":"https:\/\/subdoman.oregrundspiren.se\/om-oregrundspiren\/wp-json\/wp\/v2\/users\/1"}],"replies":[{"embeddable":true,"href":"https:\/\/subdoman.oregrundspiren.se\/om-oregrundspiren\/wp-json\/wp\/v2\/comments?post=22"}],"version-history":[{"count":3,"href":"https:\/\/subdoman.oregrundspiren.se\/om-oregrundspiren\/wp-json\/wp\/v2\/pages\/22\/revisions"}],"predecessor-version":[{"id":87,"href":"https:\/\/subdoman.oregrundspiren.se\/om-oregrundspiren\/wp-json\/wp\/v2\/pages\/22\/revisions\/87"}],"wp:attachment":[{"href":"https:\/\/subdoman.oregrundspiren.se\/om-oregrundspiren\/wp-json\/wp\/v2\/media?parent=22"}],"curies":[{"name":"wp","href":"https:\/\/api.w.org\/{rel}","templated":true}]}}