{"id":2,"date":"2014-10-15T13:15:32","date_gmt":"2014-10-15T13:15:32","guid":{"rendered":"http:\/\/subdoman.oregrundspiren.se\/?page_id=2"},"modified":"2017-04-28T12:24:08","modified_gmt":"2017-04-28T12:24:08","slug":"om-oregrundspiren","status":"publish","type":"page","link":"https:\/\/subdoman.oregrundspiren.se\/om-oregrundspiren\/","title":{"rendered":"Om \u00d6regrundspiren"},"content":{"rendered":"<h4><span style=\"color: #000080;\"><strong>V\u00e4lkommen till \u00d6regrundspiren AB<br \/>\n<\/strong><\/span><\/h4>\n<p><strong>\u00d6regrundspiren AB \u00e4r ett bolag d\u00e4r medlemmarna \u00e4ger sina b\u00e5tplatser.<br \/>\n<\/strong><\/p>\n<p>F\u00f6retaget\u00a0bildades\u00a01987 och har idag x antal b\u00e5tplatser p\u00e5 tre bryggor. D\u00e5 bristen p\u00e5 bryggplatser i hamnen \u00e4r stor, s\u00e5 ingick f\u00f6retaget vid bildandet, ett avtal med \u00d6sthammars kommun om arrende av sj\u00f6omr\u00e5det vid piren, f\u00f6r att uppr\u00e4tta ett antal b\u00e5tplatser som skulle finansieras via \u00e4gande medlemmar.<\/p>\n<p>Det oms\u00e4tts \u00e5rligen n\u00e5gon eller n\u00e5gra platser som kan k\u00f6pas eller som\u00a0kan hyras av medlemmar som f\u00f6r tillf\u00e4llet ej kan utnyttja platsen f\u00f6r eget bruk. Under rubriken <a href=\"http:\/\/oregrundspiren.se\/om-oregrundspiren\/kopa-salj-eller-hyra-batplats\/\">k\u00f6p, s\u00e4lj, hyr b\u00e5tplats<\/a>, finner du mer information om detta.<\/p>\n<p>&nbsp;<\/p>\n","protected":false},"excerpt":{"rendered":"<p>V\u00e4lkommen till \u00d6regrundspiren AB \u00d6regrundspiren AB \u00e4r ett bolag d\u00e4r medlemmarna \u00e4ger sina b\u00e5tplatser. F\u00f6retaget\u00a0bildades\u00a01987 och har idag x antal b\u00e5tplatser p\u00e5 tre bryggor. D\u00e5 bristen p\u00e5 bryggplatser i hamnen \u00e4r stor, s\u00e5 ingick f\u00f6retaget vid bildandet, ett avtal med&#8230; <a class=\"more-link\" href=\"https:\/\/subdoman.oregrundspiren.se\/om-oregrundspiren\/\">Forts\u00e4tt l\u00e4sa &rarr;<\/a><\/p>\n","protected":false},"author":1,"featured_media":0,"parent":0,"menu_order":0,"comment_status":"closed","ping_status":"closed","template":"","meta":{"footnotes":""},"class_list":["post-2","page","type-page","status-publish","hentry"],"_links":{"self":[{"href":"https:\/\/subdoman.oregrundspiren.se\/om-oregrundspiren\/wp-json\/wp\/v2\/pages\/2","targetHints":{"allow":["GET"]}}],"collection":[{"href":"https:\/\/subdoman.oregrundspiren.se\/om-oregrundspiren\/wp-json\/wp\/v2\/pages"}],"about":[{"href":"https:\/\/subdoman.oregrundspiren.se\/om-oregrundspiren\/wp-json\/wp\/v2\/types\/page"}],"author":[{"embeddable":true,"href":"https:\/\/subdoman.oregrundspiren.se\/om-oregrundspiren\/wp-json\/wp\/v2\/users\/1"}],"replies":[{"embeddable":true,"href":"https:\/\/subdoman.oregrundspiren.se\/om-oregrundspiren\/wp-json\/wp\/v2\/comments?post=2"}],"version-history":[{"count":10,"href":"https:\/\/subdoman.oregrundspiren.se\/om-oregrundspiren\/wp-json\/wp\/v2\/pages\/2\/revisions"}],"predecessor-version":[{"id":81,"href":"https:\/\/subdoman.oregrundspiren.se\/om-oregrundspiren\/wp-json\/wp\/v2\/pages\/2\/revisions\/81"}],"wp:attachment":[{"href":"https:\/\/subdoman.oregrundspiren.se\/om-oregrundspiren\/wp-json\/wp\/v2\/media?parent=2"}],"curies":[{"name":"wp","href":"https:\/\/api.w.org\/{rel}","templated":true}]}}